{"id":2458,"date":"2025-04-28T18:44:00","date_gmt":"2025-04-28T16:44:00","guid":{"rendered":"https:\/\/www.lycee-elisalemonnier.fr\/site\/?page_id=2458"},"modified":"2025-12-11T15:08:30","modified_gmt":"2025-12-11T14:08:30","slug":"actualites-cdi","status":"publish","type":"page","link":"https:\/\/www.lycee-elisalemonnier.fr\/site\/actualites-cdi\/","title":{"rendered":"ACTUALIT\u00c9S  du CDI"},"content":{"rendered":"\n<p class=\"has-neve-link-hover-color-color has-text-color has-medium-font-size\">&nbsp;Voici les derni\u00e8res actualit\u00e9s du CDI<\/p>\n\n\n\n<iframe src=\"https:\/\/www.facebook.com\/plugins\/post.php?href=https%3A%2F%2Fwww.facebook.com%2FCDIELISALEMONNIER%2Fposts%2Fpfbid025RT4BRUpJHtQB5uY4uWNfa1ZEhUSiZh9aTqzjbDgiEL4fMSuhQbhbre2fLfUU2AKl&#038;show_text=true&#038;width=500\" width=\"500\" height=\"640\" style=\"border:none;overflow:hidden\" scrolling=\"no\" frameborder=\"0\" allowfullscreen=\"true\" allow=\"autoplay; clipboard-write; encrypted-media; picture-in-picture; web-share\"><\/iframe>\n\n\n\n<p><\/p>\n\n\n\n<iframe src=\"https:\/\/www.facebook.com\/plugins\/post.php?href=https%3A%2F%2Fwww.facebook.com%2FCDIELISALEMONNIER%2Fposts%2Fpfbid02owJd6E127dDkbiaX6bj6MffuZ6dJmnfdG174LcpJa2KLrE29Uq4kCeSyAxPyzXaJl&#038;show_text=true&#038;width=500\" width=\"500\" height=\"748\" style=\"border:none;overflow:hidden\" scrolling=\"no\" frameborder=\"0\" allowfullscreen=\"true\" allow=\"autoplay; clipboard-write; encrypted-media; picture-in-picture; web-share\"><\/iframe>\n\n\n\n<p><\/p>\n\n\n\n<iframe src=\"https:\/\/www.facebook.com\/plugins\/post.php?href=https%3A%2F%2Fwww.facebook.com%2FCDIELISALEMONNIER%2Fposts%2Fpfbid0QV5hYJuczZfUPigxMGEFgm3E54XA3yGCTbiyUmMrUpkxF9sFpvp1dWczGAKkfUhil&#038;show_text=true&#038;width=500\" width=\"500\" height=\"806\" style=\"border:none;overflow:hidden\" scrolling=\"no\" frameborder=\"0\" allowfullscreen=\"true\" allow=\"autoplay; clipboard-write; encrypted-media; picture-in-picture; web-share\"><\/iframe>\n\n\n\n<p><\/p>\n\n\n\n<iframe src=\"https:\/\/www.facebook.com\/plugins\/post.php?href=https%3A%2F%2Fwww.facebook.com%2FCDIELISALEMONNIER%2Fposts%2Fpfbid02vnbaNSm2ckiR7DFj8NzMZbTtqcw6wujsMWWNSiDj3VTdTSzGviDFEHfeqSKG5aEul&#038;show_text=true&#038;width=500\" width=\"500\" height=\"838\" style=\"border:none;overflow:hidden\" scrolling=\"no\" frameborder=\"0\" allowfullscreen=\"true\" allow=\"autoplay; clipboard-write; encrypted-media; picture-in-picture; web-share\"><\/iframe>\n<br \/>\n\n\n\n<p><\/p>\n\n\n\n<iframe src=\"https:\/\/www.facebook.com\/plugins\/post.php?href=https%3A%2F%2Fwww.facebook.com%2FCDIELISALEMONNIER%2Fposts%2Fpfbid028ecb7UcdW4eWbkbKdEY6ZPcJ4JqpDGFREMW9E4Pdkp2WeDUKh7fiWvFaTz1h3LdVl&#038;show_text=true&#038;width=500\" width=\"500\" height=\"761\" style=\"border:none;overflow:hidden\" scrolling=\"no\" frameborder=\"0\" allowfullscreen=\"true\" allow=\"autoplay; clipboard-write; encrypted-media; picture-in-picture; web-share\"><\/iframe>\n<br \/>\n\n\n\n<p>Pour les actualit\u00e9s plus anciennes, merci de vous r\u00e9f\u00e9rer au <a href=\"https:\/\/www.facebook.com\/CDIELISALEMONNIER\/\" target=\"_blank\" rel=\"noreferrer noopener\">site Facebook du CDI<\/a>.<\/p>\n\n\n\n<p><\/p>\n","protected":false},"excerpt":{"rendered":"<p>&nbsp;Voici les derni\u00e8res actualit\u00e9s du CDI Pour les actualit\u00e9s plus anciennes, merci de vous r\u00e9f\u00e9rer au site Facebook du CDI.<\/p>\n","protected":false},"author":2,"featured_media":0,"parent":0,"menu_order":0,"comment_status":"closed","ping_status":"closed","template":"","meta":{"neve_meta_sidebar":"","neve_meta_container":"","neve_meta_enable_content_width":"","neve_meta_content_width":0,"neve_meta_title_alignment":"","neve_meta_author_avatar":"","neve_post_elements_order":"","neve_meta_disable_header":"","neve_meta_disable_footer":"","neve_meta_disable_title":"","footnotes":""},"class_list":["post-2458","page","type-page","status-publish","hentry"],"_links":{"self":[{"href":"https:\/\/www.lycee-elisalemonnier.fr\/site\/wp-json\/wp\/v2\/pages\/2458","targetHints":{"allow":["GET"]}}],"collection":[{"href":"https:\/\/www.lycee-elisalemonnier.fr\/site\/wp-json\/wp\/v2\/pages"}],"about":[{"href":"https:\/\/www.lycee-elisalemonnier.fr\/site\/wp-json\/wp\/v2\/types\/page"}],"author":[{"embeddable":true,"href":"https:\/\/www.lycee-elisalemonnier.fr\/site\/wp-json\/wp\/v2\/users\/2"}],"replies":[{"embeddable":true,"href":"https:\/\/www.lycee-elisalemonnier.fr\/site\/wp-json\/wp\/v2\/comments?post=2458"}],"version-history":[{"count":14,"href":"https:\/\/www.lycee-elisalemonnier.fr\/site\/wp-json\/wp\/v2\/pages\/2458\/revisions"}],"predecessor-version":[{"id":2797,"href":"https:\/\/www.lycee-elisalemonnier.fr\/site\/wp-json\/wp\/v2\/pages\/2458\/revisions\/2797"}],"wp:attachment":[{"href":"https:\/\/www.lycee-elisalemonnier.fr\/site\/wp-json\/wp\/v2\/media?parent=2458"}],"curies":[{"name":"wp","href":"https:\/\/api.w.org\/{rel}","templated":true}]}}