{"id":2814,"date":"2026-01-05T09:48:32","date_gmt":"2026-01-05T08:48:32","guid":{"rendered":"https:\/\/www.lycee-elisalemonnier.fr\/site\/?page_id=2814"},"modified":"2026-01-05T09:48:33","modified_gmt":"2026-01-05T08:48:33","slug":"pole-informatique-cybersecurite","status":"publish","type":"page","link":"https:\/\/www.lycee-elisalemonnier.fr\/site\/pole-informatique-cybersecurite\/","title":{"rendered":"P\u00f4le Informatique cybers\u00e9curit\u00e9"},"content":{"rendered":"\n<p><em>\u00ab\u00a0Retrouvez ici bient\u00f4t les informations pour ce p\u00f4le\u00a0\u00bb<\/em><\/p>\n","protected":false},"excerpt":{"rendered":"<p>\u00ab\u00a0Retrouvez ici bient\u00f4t les informations pour ce p\u00f4le\u00a0\u00bb<\/p>\n","protected":false},"author":2,"featured_media":0,"parent":0,"menu_order":0,"comment_status":"closed","ping_status":"closed","template":"","meta":{"neve_meta_sidebar":"","neve_meta_container":"","neve_meta_enable_content_width":"","neve_meta_content_width":0,"neve_meta_title_alignment":"","neve_meta_author_avatar":"","neve_post_elements_order":"","neve_meta_disable_header":"","neve_meta_disable_footer":"","neve_meta_disable_title":"","footnotes":""},"class_list":["post-2814","page","type-page","status-publish","hentry"],"_links":{"self":[{"href":"https:\/\/www.lycee-elisalemonnier.fr\/site\/wp-json\/wp\/v2\/pages\/2814","targetHints":{"allow":["GET"]}}],"collection":[{"href":"https:\/\/www.lycee-elisalemonnier.fr\/site\/wp-json\/wp\/v2\/pages"}],"about":[{"href":"https:\/\/www.lycee-elisalemonnier.fr\/site\/wp-json\/wp\/v2\/types\/page"}],"author":[{"embeddable":true,"href":"https:\/\/www.lycee-elisalemonnier.fr\/site\/wp-json\/wp\/v2\/users\/2"}],"replies":[{"embeddable":true,"href":"https:\/\/www.lycee-elisalemonnier.fr\/site\/wp-json\/wp\/v2\/comments?post=2814"}],"version-history":[{"count":1,"href":"https:\/\/www.lycee-elisalemonnier.fr\/site\/wp-json\/wp\/v2\/pages\/2814\/revisions"}],"predecessor-version":[{"id":2815,"href":"https:\/\/www.lycee-elisalemonnier.fr\/site\/wp-json\/wp\/v2\/pages\/2814\/revisions\/2815"}],"wp:attachment":[{"href":"https:\/\/www.lycee-elisalemonnier.fr\/site\/wp-json\/wp\/v2\/media?parent=2814"}],"curies":[{"name":"wp","href":"https:\/\/api.w.org\/{rel}","templated":true}]}}