{"id":965,"date":"2024-02-02T14:52:54","date_gmt":"2024-02-02T13:52:54","guid":{"rendered":"https:\/\/www.lycee-elisalemonnier.fr\/site\/?page_id=965"},"modified":"2024-03-11T18:02:28","modified_gmt":"2024-03-11T17:02:28","slug":"sections-europeennes","status":"publish","type":"page","link":"https:\/\/www.lycee-elisalemonnier.fr\/site\/sections-europeennes\/","title":{"rendered":"Sections europ\u00e9ennes"},"content":{"rendered":"\n<div class=\"wp-block-columns is-layout-flex wp-container-core-columns-is-layout-9d6595d7 wp-block-columns-is-layout-flex\">\n<div class=\"wp-block-column is-layout-flow wp-block-column-is-layout-flow\">\n<figure class=\"wp-block-image size-full\"><img fetchpriority=\"high\" decoding=\"async\" width=\"604\" height=\"856\" src=\"https:\/\/www.lycee-elisalemonnier.fr\/site\/wp-content\/uploads\/2024\/02\/photo-section-europeenne.jpg\" alt=\"\" class=\"wp-image-1044\" srcset=\"https:\/\/www.lycee-elisalemonnier.fr\/site\/wp-content\/uploads\/2024\/02\/photo-section-europeenne.jpg 604w, https:\/\/www.lycee-elisalemonnier.fr\/site\/wp-content\/uploads\/2024\/02\/photo-section-europeenne-212x300.jpg 212w\" sizes=\"(max-width: 604px) 100vw, 604px\" \/><\/figure>\n<\/div>\n\n\n\n<div class=\"wp-block-column is-layout-flow wp-block-column-is-layout-flow\">\n<p class=\"MsoNormal\"><span style=\"font-family: 'Segoe UI',sans-serif; color: #374151;\">Le lyc\u00e9e Elisa Lemonnier offre aux \u00e9l\u00e8ves la possibilit\u00e9 de rejoindre une section europ\u00e9enne dans plusieurs fili\u00e8res de formations de l&rsquo;\u00e9tablissement.<\/span><\/p>\n<p class=\"MsoNormal\"><span style=\"font-family: 'Segoe UI',sans-serif; color: #374151;\">\u00a0<\/span><b><span style=\"font-family: 'Segoe UI',sans-serif; color: #374151;\">Fili\u00e8re G\u00e9n\u00e9rale et Technologique :<br \/><\/span><\/b><\/p>\n<p class=\"MsoNormal\"><u><span style=\"font-family: 'Segoe UI',sans-serif; color: #374151;\">Section Europ\u00e9enne Anglais :<\/span><\/u><span style=\"font-family: 'Segoe UI',sans-serif; color: #374151;\"> Madame Herlaut et Madame Lebihan, pour les classes de seconde, premi\u00e8re et terminale.<\/span><\/p>\n<p class=\"MsoNormal\"><span style=\"font-family: 'Segoe UI',sans-serif; color: #374151;\">F<\/span><b><span style=\"font-family: 'Segoe UI',sans-serif; color: #374151;\">ili\u00e8re Professionnelle &#8211; H\u00f4tellerie-Restauration :<\/span><\/b><\/p>\n<p class=\"MsoNormal\"><u><span style=\"font-family: 'Segoe UI',sans-serif; color: #374151;\">Section Europ\u00e9enne Anglais :<\/span><\/u><span style=\"font-family: 'Segoe UI',sans-serif; color: #374151;\"> Monsieur M\u00e9nier et Monsieur Lion, pour les \u00e9l\u00e8ves de premi\u00e8re et de terminale.<\/span><\/p>\n<p class=\"MsoNormal\"><u><span style=\"font-family: 'Segoe UI',sans-serif; color: #374151;\">Section Europ\u00e9enne Espagnol :<\/span><\/u><span style=\"font-family: 'Segoe UI',sans-serif; color: #374151;\"> Madame Pistre et Madame Arouzoud, pour les \u00e9l\u00e8ves de premi\u00e8re et de terminale.<\/span><\/p>\n<p class=\"MsoNormal\"><span style=\"font-family: 'Segoe UI',sans-serif; color: #374151;\">\u00a0<\/span><b><span style=\"font-family: 'Segoe UI',sans-serif; color: #374151;\">Fili\u00e8re Professionnelle Commerce :<\/span><\/b><\/p>\n<p class=\"MsoNormal\"><u><span style=\"font-family: 'Segoe UI',sans-serif; color: #374151;\">Section Europ\u00e9enne Italien :<\/span><\/u><span style=\"font-family: 'Segoe UI',sans-serif; color: #374151;\"> Madame Wiart et Monsieur Cinquemani, pour les \u00e9l\u00e8ves de premi\u00e8re et de terminale.<\/span><\/p>\n<p>D\u00e8s la rentr\u00e9e de septembre 2024, mise en place d&rsquo;une section europ\u00e9enne Allemand.<\/p>\n<p><span style=\"font-family: 'Segoe UI',sans-serif; color: #374151;\">Ces sections europ\u00e9ennes vous permettent de d\u00e9velopper vos comp\u00e9tences linguistiques, d&rsquo;explorer de nouvelles cultures et d&rsquo;adopter une perspective europ\u00e9enne et internationale. Participez \u00e0 cette exp\u00e9rience enrichissante. Pour plus d&rsquo;informations, n&rsquo;h\u00e9sitez pas \u00e0 contacter le BRI Bureau des Relations Internationales du LPO Elisa Lemonnier.<\/span><\/p>\n<\/div>\n<\/div>\n\n\n\n<p><a href=\"mailto:bri-elisa.lemonnier-0590065a@ac-lille.fr\">bri-elisa.lemonnier-0590065a@ac-lille.fr<\/a><\/p>\n","protected":false},"excerpt":{"rendered":"<p>Le lyc\u00e9e Elisa Lemonnier offre aux \u00e9l\u00e8ves la possibilit\u00e9 de rejoindre une section europ\u00e9enne dans plusieurs fili\u00e8res de formations de l&rsquo;\u00e9tablissement. \u00a0Fili\u00e8re G\u00e9n\u00e9rale et Technologique : Section Europ\u00e9enne Anglais : Madame Herlaut et Madame Lebihan, pour les classes de seconde, premi\u00e8re et terminale. Fili\u00e8re Professionnelle &#8211; H\u00f4tellerie-Restauration : Section Europ\u00e9enne Anglais : Monsieur M\u00e9nier et&hellip;&nbsp;<a href=\"https:\/\/www.lycee-elisalemonnier.fr\/site\/sections-europeennes\/\" class=\"\" rel=\"bookmark\">Lire la suite &raquo;<span class=\"screen-reader-text\">Sections europ\u00e9ennes<\/span><\/a><\/p>\n","protected":false},"author":2,"featured_media":0,"parent":0,"menu_order":0,"comment_status":"closed","ping_status":"closed","template":"","meta":{"neve_meta_sidebar":"","neve_meta_container":"","neve_meta_enable_content_width":"","neve_meta_content_width":0,"neve_meta_title_alignment":"","neve_meta_author_avatar":"","neve_post_elements_order":"","neve_meta_disable_header":"","neve_meta_disable_footer":"","neve_meta_disable_title":"","footnotes":""},"class_list":["post-965","page","type-page","status-publish","hentry"],"_links":{"self":[{"href":"https:\/\/www.lycee-elisalemonnier.fr\/site\/wp-json\/wp\/v2\/pages\/965","targetHints":{"allow":["GET"]}}],"collection":[{"href":"https:\/\/www.lycee-elisalemonnier.fr\/site\/wp-json\/wp\/v2\/pages"}],"about":[{"href":"https:\/\/www.lycee-elisalemonnier.fr\/site\/wp-json\/wp\/v2\/types\/page"}],"author":[{"embeddable":true,"href":"https:\/\/www.lycee-elisalemonnier.fr\/site\/wp-json\/wp\/v2\/users\/2"}],"replies":[{"embeddable":true,"href":"https:\/\/www.lycee-elisalemonnier.fr\/site\/wp-json\/wp\/v2\/comments?post=965"}],"version-history":[{"count":12,"href":"https:\/\/www.lycee-elisalemonnier.fr\/site\/wp-json\/wp\/v2\/pages\/965\/revisions"}],"predecessor-version":[{"id":1133,"href":"https:\/\/www.lycee-elisalemonnier.fr\/site\/wp-json\/wp\/v2\/pages\/965\/revisions\/1133"}],"wp:attachment":[{"href":"https:\/\/www.lycee-elisalemonnier.fr\/site\/wp-json\/wp\/v2\/media?parent=965"}],"curies":[{"name":"wp","href":"https:\/\/api.w.org\/{rel}","templated":true}]}}